{"id":253,"date":"2025-04-10T22:17:10","date_gmt":"2025-04-10T22:17:10","guid":{"rendered":"https:\/\/yogapourtoi.com\/?page_id=253"},"modified":"2025-05-04T14:24:01","modified_gmt":"2025-05-04T14:24:01","slug":"confirmation-dachat-et-formulaire-cadeau","status":"publish","type":"page","link":"http:\/\/yogapourtoi.com\/en\/confirmation-dachat-et-formulaire-cadeau\/","title":{"rendered":"Confirmation d&rsquo;achat et formulaire cadeau"},"content":{"rendered":"<p><strong>Hello,<\/strong><\/p>\n\n\n\n<p>Le plus beau cadeau que l\u2019on puisse offrir, c\u2019est du bien-\u00eatre, un moment pour respirer, pour se recentrer. Offrir cela \u00e0 quelqu\u2019un, c\u2019est un geste rempli d\u2019amour et de g\u00e9n\u00e9rosit\u00e9. Merci du fond du c\u0153ur pour cette belle initiative. \ud83d\udc96<\/p>\n\n\n\n<p>\u2728 Nous confirmons la r\u00e9ception de votre paiement pour une carte cadeau de <strong>50 $<\/strong>, correspondant \u00e0 un <strong>abonnement de 3 mois de yoga sur chaise<\/strong>.<\/p>\n\n\n\n<p>Voici ce que vous offrez :<\/p>\n\n\n\n<ul class=\"wp-block-list\">\n<li><strong>Introduction au yoga sur chaise<\/strong> avec 7 cours pr\u00e9-enregistr\u00e9s de 15 minutes chacun.<\/li>\n\n\n\n<li><strong>Abonnement de 3 mois<\/strong> : une s\u00e9ance de 15 minutes en direct tous les mercredis, \u00e0 8h30 en fran\u00e7ais ou \u00e0 8h00 en anglais. L&rsquo;enregistrement est accessible pendant 7 jours.<\/li>\n<\/ul>\n\n\n\n<p>\ud83e\uddd8\u200d\u2640\ufe0fTo add the person to my system and activate their subscription, <strong>merci de remplir ce formulaire sur cette page<\/strong>.<\/p>\n\n\n\n\n\n\n<p>D\u00e8s r\u00e9ception des informations, vous recevrez par courriel une <strong>belle carte cadeau virtuelle personnalisable<\/strong>, que vous pourrez remplir et offrir \u00e0 cette personne. Elle pourra ensuite s\u2019inscrire facilement au programme gr\u00e2ce \u00e0 cette carte.<\/p>\n\n\n\n<p>Merci encore pour votre confiance et votre beau geste.<br>Avec gratitude,<br><strong>Roberta \ud83d\ude4f\ud83d\ude03\u2764\ufe0f<\/strong><\/p>\n\n\n\n<p>\u26a0\ufe0f <strong>AVERTISSEMENT<\/strong><br>Merci de consulter un professionnel de la sant\u00e9 avant de commencer toute activit\u00e9 physique. En participant \u00e0 ce programme, <strong>vous assumez l&rsquo;enti\u00e8re responsabilit\u00e9 de votre sant\u00e9 et d\u00e9gagez Yoga Pour Toi by Roberta de toute responsabilit\u00e9<\/strong>.<\/p>\n\n\n\n<p><strong>\u00c0 noter :<\/strong> il y aura un minimum de 40 semaines de cours en direct par ann\u00e9e. Et chaque semaine, m\u00eame en l&rsquo;absence de cours en direct, vous recevrez des classes pr\u00e9enregistr\u00e9es. R\u00e9sultat : <strong>52 semaines de yoga, sans interruption, rien que pour vous. \ud83e\uddd8\u200d\u2640\ufe0f\u2728<\/strong><\/p>","protected":false},"excerpt":{"rendered":"<p>Bonjour, Le plus beau cadeau que l\u2019on puisse offrir, c\u2019est du bien-\u00eatre, un moment pour respirer, pour se recentrer. Offrir cela \u00e0 quelqu\u2019un, c\u2019est un geste rempli d\u2019amour et de g\u00e9n\u00e9rosit\u00e9. Merci du fond du c\u0153ur pour cette belle initiative. \ud83d\udc96 \u2728 Nous confirmons la r\u00e9ception de votre paiement pour une carte cadeau de 50 $, correspondant \u00e0 un abonnement de 3 mois de yoga sur chaise. Voici ce que vous offrez : \ud83e\uddd8\u200d\u2640\ufe0f Pour que la personne puisse \u00eatre ajout\u00e9e \u00e0 mon syst\u00e8me et recevoir l\u2019abonnement, merci de remplir ce formulaire sur cette page. D\u00e8s r\u00e9ception des informations, vous recevrez par courriel une belle carte cadeau virtuelle personnalisable, que vous pourrez remplir et offrir \u00e0 cette personne. Elle pourra ensuite s\u2019inscrire facilement au programme gr\u00e2ce \u00e0 cette carte. Merci encore pour votre confiance et votre beau geste.Avec gratitude,Roberta \ud83d\ude4f\ud83d\ude03\u2764\ufe0f \u26a0\ufe0f AVERTISSEMENTMerci de consulter un professionnel de la sant\u00e9 avant de commencer toute activit\u00e9 physique. En participant \u00e0 ce programme, vous assumez l&rsquo;enti\u00e8re responsabilit\u00e9 de votre sant\u00e9 et d\u00e9gagez Yoga Pour Toi by Roberta de toute responsabilit\u00e9. \u00c0 noter : il y aura un minimum de 40 semaines de cours en direct par ann\u00e9e. Et chaque semaine, m\u00eame en l&rsquo;absence de cours en direct, vous recevrez des classes pr\u00e9enregistr\u00e9es. R\u00e9sultat : 52 semaines de yoga, sans interruption, rien que pour vous. \ud83e\uddd8\u200d\u2640\ufe0f\u2728<\/p>","protected":false},"author":4,"featured_media":0,"parent":0,"menu_order":0,"comment_status":"closed","ping_status":"closed","template":"","meta":{"_monsterinsights_skip_tracking":false,"_monsterinsights_sitenote_active":false,"_monsterinsights_sitenote_note":"","_monsterinsights_sitenote_category":0,"footnotes":""},"class_list":["post-253","page","type-page","status-publish","hentry"],"aioseo_notices":[],"_links":{"self":[{"href":"http:\/\/yogapourtoi.com\/en\/wp-json\/wp\/v2\/pages\/253","targetHints":{"allow":["GET"]}}],"collection":[{"href":"http:\/\/yogapourtoi.com\/en\/wp-json\/wp\/v2\/pages"}],"about":[{"href":"http:\/\/yogapourtoi.com\/en\/wp-json\/wp\/v2\/types\/page"}],"author":[{"embeddable":true,"href":"http:\/\/yogapourtoi.com\/en\/wp-json\/wp\/v2\/users\/4"}],"replies":[{"embeddable":true,"href":"http:\/\/yogapourtoi.com\/en\/wp-json\/wp\/v2\/comments?post=253"}],"version-history":[{"count":7,"href":"http:\/\/yogapourtoi.com\/en\/wp-json\/wp\/v2\/pages\/253\/revisions"}],"predecessor-version":[{"id":365,"href":"http:\/\/yogapourtoi.com\/en\/wp-json\/wp\/v2\/pages\/253\/revisions\/365"}],"wp:attachment":[{"href":"http:\/\/yogapourtoi.com\/en\/wp-json\/wp\/v2\/media?parent=253"}],"curies":[{"name":"wp","href":"https:\/\/api.w.org\/{rel}","templated":true}]}}