{"id":301,"date":"2025-04-16T18:14:36","date_gmt":"2025-04-16T18:14:36","guid":{"rendered":"https:\/\/yogapourtoi.com\/?page_id=301"},"modified":"2025-05-04T14:23:39","modified_gmt":"2025-05-04T14:23:39","slug":"confirmation-dachat-essai-cours-prive-en-ligne","status":"publish","type":"page","link":"http:\/\/yogapourtoi.com\/en\/confirmation-dachat-essai-cours-prive-en-ligne\/","title":{"rendered":"Confirmation d&rsquo;achat &#8211; Essai Cours Priv\u00e9 en ligne"},"content":{"rendered":"<p><strong>Merci pour votre achat \ud83d\udcab<\/strong><\/p>\n\n\n\n<p>Je vous confirme que votre paiement pour le cours d\u2019essai priv\u00e9 en ligne a bien \u00e9t\u00e9 compl\u00e9t\u00e9 \u2014 merci de me faire confiance pour vous accompagner sur votre chemin de yoga. \ud83c\udf3f<\/p>\n\n\n\n<p>Afin que je puisse bien comprendre vos besoins et vous offrir un accompagnement personnalis\u00e9, j\u2019ai besoin que vous remplissiez ce court formulaire. Cela me permettra aussi de vous contacter rapidement pour planifier notre premi\u00e8re s\u00e9ance ensemble. \u2728<\/p>\n\n\n                <div class=\"ml-embedded\" data-form=\"BHoJN6\"><\/div>\n            \n\n\n\n<p>\u00c0 tr\u00e8s bient\u00f4t sur le tapis!<br>Avec gratitude,<br>Roberta \u2764\ufe0f\ud83d\ude03\ud83d\ude4f<\/p>\n\n\n\n<p><em>Exp\u00e9rimentez l\u2019impact positif de consacrer quelques instants chaque jour \u00e0 votre bien-\u00eatre.<\/em> \ud83c\udf38<\/p>\n\n\n\n<p>\u26a0\ufe0f <strong>AVERTISSEMENT<\/strong><br>Merci de consulter un professionnel de la sant\u00e9 avant de commencer toute activit\u00e9 physique. En participant \u00e0 ce programme, <strong>vous assumez l&rsquo;enti\u00e8re responsabilit\u00e9 de votre sant\u00e9 et d\u00e9gagez Yoga Pour Toi by Roberta de toute responsabilit\u00e9<\/strong>.<\/p>","protected":false},"excerpt":{"rendered":"<p>Merci pour votre achat \ud83d\udcab Je vous confirme que votre paiement pour le cours d\u2019essai priv\u00e9 en ligne a bien \u00e9t\u00e9 compl\u00e9t\u00e9 \u2014 merci de me faire confiance pour vous accompagner sur votre chemin de yoga. \ud83c\udf3f Afin que je puisse bien comprendre vos besoins et vous offrir un accompagnement personnalis\u00e9, j\u2019ai besoin que vous remplissiez ce court formulaire. Cela me permettra aussi de vous contacter rapidement pour planifier notre premi\u00e8re s\u00e9ance ensemble. \u2728 \u00c0 tr\u00e8s bient\u00f4t sur le tapis!Avec gratitude,Roberta \u2764\ufe0f\ud83d\ude03\ud83d\ude4f Exp\u00e9rimentez l\u2019impact positif de consacrer quelques instants chaque jour \u00e0 votre bien-\u00eatre. \ud83c\udf38 \u26a0\ufe0f AVERTISSEMENTMerci de consulter un professionnel de la sant\u00e9 avant de commencer toute activit\u00e9 physique. En participant \u00e0 ce programme, vous assumez l&rsquo;enti\u00e8re responsabilit\u00e9 de votre sant\u00e9 et d\u00e9gagez Yoga Pour Toi by Roberta de toute responsabilit\u00e9.<\/p>","protected":false},"author":4,"featured_media":0,"parent":0,"menu_order":0,"comment_status":"closed","ping_status":"closed","template":"","meta":{"_monsterinsights_skip_tracking":false,"_monsterinsights_sitenote_active":false,"_monsterinsights_sitenote_note":"","_monsterinsights_sitenote_category":0,"footnotes":""},"class_list":["post-301","page","type-page","status-publish","hentry"],"aioseo_notices":[],"_links":{"self":[{"href":"http:\/\/yogapourtoi.com\/en\/wp-json\/wp\/v2\/pages\/301","targetHints":{"allow":["GET"]}}],"collection":[{"href":"http:\/\/yogapourtoi.com\/en\/wp-json\/wp\/v2\/pages"}],"about":[{"href":"http:\/\/yogapourtoi.com\/en\/wp-json\/wp\/v2\/types\/page"}],"author":[{"embeddable":true,"href":"http:\/\/yogapourtoi.com\/en\/wp-json\/wp\/v2\/users\/4"}],"replies":[{"embeddable":true,"href":"http:\/\/yogapourtoi.com\/en\/wp-json\/wp\/v2\/comments?post=301"}],"version-history":[{"count":5,"href":"http:\/\/yogapourtoi.com\/en\/wp-json\/wp\/v2\/pages\/301\/revisions"}],"predecessor-version":[{"id":364,"href":"http:\/\/yogapourtoi.com\/en\/wp-json\/wp\/v2\/pages\/301\/revisions\/364"}],"wp:attachment":[{"href":"http:\/\/yogapourtoi.com\/en\/wp-json\/wp\/v2\/media?parent=301"}],"curies":[{"name":"wp","href":"https:\/\/api.w.org\/{rel}","templated":true}]}}