{"id":129,"date":"2024-06-08T22:00:30","date_gmt":"2024-06-08T22:00:30","guid":{"rendered":"https:\/\/yogapourtoi.com\/?page_id=129"},"modified":"2025-06-09T22:32:28","modified_gmt":"2025-06-09T22:32:28","slug":"carte-cadeau","status":"publish","type":"page","link":"https:\/\/yogapourtoi.com\/en\/carte-cadeau\/","title":{"rendered":"Give the Gift of Wellness: Chair Yoga Gift Card"},"content":{"rendered":"<p id=\"carte-cadeau\">\u00a0\u00a0The greatest gift you can give someone is <a href=\"https:\/\/yogapourtoi.com\/en\/energisez-votre-vie-avec-le-yoga-sur-chaise\/\" target=\"_blank\" rel=\"noopener\" title=\"\">the gift of well-being<\/a> and time for themselves. This is a lovely initiative on your part.\u00a0Congratulations! \ud83d\udc96<\/p>\n\n\n\n<p><strong>Here is what you are giving them:<\/strong> :<\/p>\n\n\n\n<p>*Introduction to chair yoga with 7 pre-recorded classes of 15 minutes each.<\/p>\n\n\n\n<p>*3-month subscription: 15-minute live chair yoga on Wednesdays at 8:30 a.m. in French and 8:00 a.m. in English. The recording of this course is accessible for 7 days.<\/p>\n\n\n\n<p>&nbsp;&nbsp; After your payment, you will receive a confirmation email along with a form where you can enter the recipient\u2019s details. Once the form is completed, I will send you a <strong>customizable virtual gift card<\/strong> that you can fill out and offer to <strong>that person.<\/strong>They will then be able to easily register for the program using the card.<\/p>\n\n\n\n<p>You can make payment here:&nbsp;&nbsp;<a href=\"https:\/\/buy.stripe.com\/6oE02X62ibfm3SweV3\" target=\"_blank\" rel=\"noopener\" title=\"50$ gift card\">50$ gift card<\/a><\/p>\n\n\n\n<p><\/p>\n\n\n\n<p><\/p>\n\n\n\n<p>&nbsp;<\/p>","protected":false},"excerpt":{"rendered":"<p>\u00a0\u00a0Le plus beau cadeau que l\u2019on puisse faire \u00e0 quelqu\u2019un est de lui offrir du bien-\u00eatre et du temps pour soi. C&rsquo;est une belle initiative de votre part. Toutes nos f\u00e9licitations! \ud83d\udc96 Voici ce que vous leur donnez : *Introduction au yoga sur chaise avec 7 cours pr\u00e9-enregistr\u00e9s de 15 minutes chacun. *Abonnement 3 mois : 15 minutes de yoga sur chaise en live les mercredis \u00e0 8h30 en fran\u00e7ais et 8h00 en anglais. L&rsquo;enregistrement de ce cours est accessible pendant 7 jours. &nbsp;&nbsp; Apr\u00e8s votre paiement, vous recevrez un courriel de confirmation ainsi qu\u2019un lien formulaire \u00e0 remplir avec les informations du ou de la destinataire. Une fois le formulaire compl\u00e9t\u00e9, je vous enverrai une carte cadeau virtuelle personnalisable que vous pourrez remplir et offrir \u00e0 cette personne. Elle pourra ensuite s\u2019inscrire facilement au programme gr\u00e2ce \u00e0 cette carte. Vous pouvez effectuer le paiement ici :&nbsp;&nbsp;carte cadeau 50$ &nbsp;<\/p>","protected":false},"author":4,"featured_media":0,"parent":0,"menu_order":0,"comment_status":"closed","ping_status":"closed","template":"","meta":{"_monsterinsights_skip_tracking":false,"_monsterinsights_sitenote_active":false,"_monsterinsights_sitenote_note":"","_monsterinsights_sitenote_category":0,"footnotes":""},"class_list":["post-129","page","type-page","status-publish","hentry"],"aioseo_notices":[],"_links":{"self":[{"href":"https:\/\/yogapourtoi.com\/en\/wp-json\/wp\/v2\/pages\/129","targetHints":{"allow":["GET"]}}],"collection":[{"href":"https:\/\/yogapourtoi.com\/en\/wp-json\/wp\/v2\/pages"}],"about":[{"href":"https:\/\/yogapourtoi.com\/en\/wp-json\/wp\/v2\/types\/page"}],"author":[{"embeddable":true,"href":"https:\/\/yogapourtoi.com\/en\/wp-json\/wp\/v2\/users\/4"}],"replies":[{"embeddable":true,"href":"https:\/\/yogapourtoi.com\/en\/wp-json\/wp\/v2\/comments?post=129"}],"version-history":[{"count":28,"href":"https:\/\/yogapourtoi.com\/en\/wp-json\/wp\/v2\/pages\/129\/revisions"}],"predecessor-version":[{"id":403,"href":"https:\/\/yogapourtoi.com\/en\/wp-json\/wp\/v2\/pages\/129\/revisions\/403"}],"wp:attachment":[{"href":"https:\/\/yogapourtoi.com\/en\/wp-json\/wp\/v2\/media?parent=129"}],"curies":[{"name":"wp","href":"https:\/\/api.w.org\/{rel}","templated":true}]}}