{"id":20,"date":"2024-05-16T22:41:38","date_gmt":"2024-05-16T22:41:38","guid":{"rendered":"https:\/\/yogapourtoi.com\/?page_id=20"},"modified":"2026-04-28T18:23:46","modified_gmt":"2026-04-28T18:23:46","slug":"tarif-horaire","status":"publish","type":"page","link":"https:\/\/yogapourtoi.com\/en\/tarif-horaire\/","title":{"rendered":"Prices\/Schedule"},"content":{"rendered":"<h2 class=\"wp-block-heading has-medium-font-size\" id=\"abonnement-mois\">Chair Yoga \u2013 Monthly Online Subscription: $25<\/h2>\n\n\n\n<p>Included group lessons:<\/p>\n\n\n\n<ul class=\"wp-block-list\">\n<li>15 minute live chair yoga every Wednesday 8:00 am<\/li>\n\n\n\n<li>The recording of the <a href=\"https:\/\/youtu.be\/-sc_DMvCh9w\" target=\"_blank\" rel=\"noopener\" title=\"\">chair yoga class<\/a> will be available for 7 days.<\/li>\n<\/ul>\n\n\n\n<p class=\"has-medium-font-size\"><mark style=\"background-color:#ffffff;color:#bb3aa4\" class=\"has-inline-color\"><a href=\"https:\/\/yogapourtoi.com\/en\/fonctionnement-essai-de-yoga-sur-chaise\/\" target=\"_blank\" rel=\"noopener\" title=\"INFO MOIS D'ESSAI YOGA SUR CHAISE 20$\">INFO 1 MONTH TRAIL CHAIR YOGA $20<\/a><\/mark><\/p>\n\n\n\n<h2 class=\"wp-block-heading has-medium-font-size\" id=\"cours-priv\u00e9\">Private classes online<\/h2>\n\n\n\n<ul class=\"wp-block-list\">\n<li>1 class of 60 minutes : 60$<\/li>\n\n\n\n<li>5 classes of 60 minutes: 55$ each<\/li>\n\n\n\n<li>10 classes of 60 minutes: 50$ each<\/li>\n<\/ul>\n\n\n\n<h2 class=\"wp-block-heading has-medium-font-size\">Prenatal and Postnatal private classes <\/h2>\n\n\n\n<ul class=\"wp-block-list\">\n<li>1 class online of 45 minutes: 60$<\/li>\n\n\n\n<li>5 classes online of 60 minutes: 55$ each<\/li>\n\n\n\n<li>10 classes online of 45 minutes: 50$ each<\/li>\n<\/ul>\n\n\n\n<p class=\"has-medium-font-size\"><mark style=\"background-color:#ffffff;color:#bb3aa4\" class=\"has-inline-color\"><a href=\"https:\/\/yogapourtoi.com\/en\/fonctionnement-cours-prive-en-ligne\/\" target=\"_blank\" rel=\"noopener\" title=\"Rabais 50% Essai cours priv\u00e9\">INFO 50% DISCOUNT PRIVATE CLASS TRIAL<\/a><\/mark><\/p>","protected":false},"excerpt":{"rendered":"<p>Yoga sur Chaise Abonnement par mois en ligne : 25$ Inclus cours en groupe: INFORMATION MOIS D&rsquo;ESSAI YOGA SUR CHAISE 20$ Cours priv\u00e9 en ligne Pr\u00e9natal et Postnatal en priv\u00e9 INFORMATION RABAIS 50% ESSAI COURS PRIV\u00c9<\/p>","protected":false},"author":4,"featured_media":0,"parent":0,"menu_order":0,"comment_status":"closed","ping_status":"closed","template":"","meta":{"_monsterinsights_skip_tracking":false,"_monsterinsights_sitenote_active":false,"_monsterinsights_sitenote_note":"","_monsterinsights_sitenote_category":0,"footnotes":""},"class_list":["post-20","page","type-page","status-publish","hentry"],"aioseo_notices":[],"_links":{"self":[{"href":"https:\/\/yogapourtoi.com\/en\/wp-json\/wp\/v2\/pages\/20","targetHints":{"allow":["GET"]}}],"collection":[{"href":"https:\/\/yogapourtoi.com\/en\/wp-json\/wp\/v2\/pages"}],"about":[{"href":"https:\/\/yogapourtoi.com\/en\/wp-json\/wp\/v2\/types\/page"}],"author":[{"embeddable":true,"href":"https:\/\/yogapourtoi.com\/en\/wp-json\/wp\/v2\/users\/4"}],"replies":[{"embeddable":true,"href":"https:\/\/yogapourtoi.com\/en\/wp-json\/wp\/v2\/comments?post=20"}],"version-history":[{"count":35,"href":"https:\/\/yogapourtoi.com\/en\/wp-json\/wp\/v2\/pages\/20\/revisions"}],"predecessor-version":[{"id":514,"href":"https:\/\/yogapourtoi.com\/en\/wp-json\/wp\/v2\/pages\/20\/revisions\/514"}],"wp:attachment":[{"href":"https:\/\/yogapourtoi.com\/en\/wp-json\/wp\/v2\/media?parent=20"}],"curies":[{"name":"wp","href":"https:\/\/api.w.org\/{rel}","templated":true}]}}