{"id":323,"date":"2025-04-29T15:54:56","date_gmt":"2025-04-29T15:54:56","guid":{"rendered":"https:\/\/yogapourtoi.com\/?page_id=323"},"modified":"2025-04-29T16:58:57","modified_gmt":"2025-04-29T16:58:57","slug":"rappel-renouvellement-automatique-de-votre-abonnement-yoga-sur-chaise","status":"publish","type":"page","link":"https:\/\/yogapourtoi.com\/en\/rappel-renouvellement-automatique-de-votre-abonnement-yoga-sur-chaise\/","title":{"rendered":"Reminder \u2013 Automatic Renewal of Your Chair Yoga Subscription"},"content":{"rendered":"<p>A friendly reminder \ud83c\udf3f: your Chair Yoga subscription is set to renew automatically.<\/p>\n\n\n\n<p>\ud83d\udc49 If you wish to continue with your current plan, <strong>no action is needed<\/strong> it will be renewed automatically at the end of your current billing period.<\/p>\n\n\n\n<p>\u2728 <strong>If you decide not to continue<\/strong>, please remember to <strong>cancel your subscription<\/strong> before the next renewal.<br>You can manage or cancel your subscription using this link:<br>\ud83d\udd17 <a href=\"http:\/\/billing.stripe.com\/p\/login\/bIYeYp8Yh4yR9WM4gg\" target=\"_blank\" rel=\"noreferrer noopener\">MODIFY or CANCEL my subscription<\/a><\/p>\n\n\n\n<p>Your access will remain active until the end of your current billing period.<\/p>\n\n\n\n<p>\ud83d\udca1 You can also <strong>modify your subscription<\/strong> at any time to choose a longer or shorter duration.<br><strong>Your new plan will start once your current subscription ends.<\/strong><br>The longer your plan, the more you save per month!<\/p>\n\n\n\n<p>All of this can be managed through the same link:<br>\ud83d\udd17 <a href=\"http:\/\/billing.stripe.com\/p\/login\/bIYeYp8Yh4yR9WM4gg\" target=\"_blank\" rel=\"noreferrer noopener\">MODIFY or CANCEL my subscription<\/a><\/p>\n\n\n\n<p>Thank you for being part of the <strong>Yoga Pour Toi<\/strong> \ud83d\udc95<br>See you very soon on your yoga chair!<br>Roberta \ud83d\ude4f\ud83d\ude03\u2764\ufe0f<\/p>","protected":false},"excerpt":{"rendered":"<p>Un petit rappel amical \ud83c\udf3f : votre abonnement Yoga sur Chaise est en renouvellement automatique. \ud83d\udc49 Si vous souhaitez poursuivre votre abonnement tel qu\u2019il est, vous n\u2019avez rien \u00e0 faire \u2014 il sera renouvel\u00e9 automatiquement \u00e0 la fin de votre p\u00e9riode en cours. \u2728 Si vous pr\u00e9f\u00e9rez arr\u00eater, pensez \u00e0 annuler votre abonnement avant le prochain renouvellement.Voici le lien pour g\u00e9rer ou annuler votre abonnement :\ud83d\udd17 MODIFIER ou ANNULER mon abonnement Votre acc\u00e8s restera actif jusqu\u2019\u00e0 la fin de votre p\u00e9riode de facturation en cours. \ud83d\udca1 Vous pouvez aussi modifier votre abonnement \u00e0 tout moment pour choisir une dur\u00e9e plus longue ou plus courte.Le nouvel abonnement commencera \u00e0 la fin de votre abonnement actuel.Plus votre abonnement est long, plus vous \u00e9conomisez chaque mois\u202f! Tout se fait via ce m\u00eame lien :\ud83d\udd17 MODIFIER ou ANNULER mon abonnement Merci de faire partie de la communaut\u00e9 Yoga Pour Toi \ud83d\udc95\u00c0 tr\u00e8s bient\u00f4t sur votre chaise de yoga !Roberta \ud83d\ude4f\ud83d\ude03\u2764\ufe0f<\/p>","protected":false},"author":4,"featured_media":0,"parent":0,"menu_order":0,"comment_status":"closed","ping_status":"closed","template":"","meta":{"_monsterinsights_skip_tracking":false,"_monsterinsights_sitenote_active":false,"_monsterinsights_sitenote_note":"","_monsterinsights_sitenote_category":0,"footnotes":""},"class_list":["post-323","page","type-page","status-publish","hentry"],"aioseo_notices":[],"_links":{"self":[{"href":"https:\/\/yogapourtoi.com\/en\/wp-json\/wp\/v2\/pages\/323","targetHints":{"allow":["GET"]}}],"collection":[{"href":"https:\/\/yogapourtoi.com\/en\/wp-json\/wp\/v2\/pages"}],"about":[{"href":"https:\/\/yogapourtoi.com\/en\/wp-json\/wp\/v2\/types\/page"}],"author":[{"embeddable":true,"href":"https:\/\/yogapourtoi.com\/en\/wp-json\/wp\/v2\/users\/4"}],"replies":[{"embeddable":true,"href":"https:\/\/yogapourtoi.com\/en\/wp-json\/wp\/v2\/comments?post=323"}],"version-history":[{"count":3,"href":"https:\/\/yogapourtoi.com\/en\/wp-json\/wp\/v2\/pages\/323\/revisions"}],"predecessor-version":[{"id":327,"href":"https:\/\/yogapourtoi.com\/en\/wp-json\/wp\/v2\/pages\/323\/revisions\/327"}],"wp:attachment":[{"href":"https:\/\/yogapourtoi.com\/en\/wp-json\/wp\/v2\/media?parent=323"}],"curies":[{"name":"wp","href":"https:\/\/api.w.org\/{rel}","templated":true}]}}