{"id":337,"date":"2025-05-01T15:59:04","date_gmt":"2025-05-01T15:59:04","guid":{"rendered":"https:\/\/yogapourtoi.com\/?page_id=337"},"modified":"2025-05-04T14:23:14","modified_gmt":"2025-05-04T14:23:14","slug":"confirmation-dabonnement-yoga-sur-chaise-6-mois","status":"publish","type":"page","link":"https:\/\/yogapourtoi.com\/en\/confirmation-dabonnement-yoga-sur-chaise-6-mois\/","title":{"rendered":"Confirmation d&rsquo;abonnement &#8211; Yoga sur Chaise 6 mois"},"content":{"rendered":"<p>Merci de votre inscription \u00e0 notre programme \u00ab\u00a0Yoga sur Chaise\u00a0\u00bb !<br>Pour commencer votre abonnement d\u00e8s ce mercredi, merci de remplir ce court formulaire :<\/p>\n\n\n                <div class=\"ml-embedded\" data-form=\"w14Fr4\"><\/div>\n            \n\n\n\n<p>\u2705 <strong>Cours hebdomadaire de yoga sur chaise en direct<\/strong> \u2013 15 minutes chaque mercredi \u00e0 8h30.<br>\u2705 <strong>L&rsquo;enregistrement du cours sera envoy\u00e9<\/strong> vers 9h00 le m\u00eame mercredi, et restera disponible pendant 7 jours pour vous permettre de continuer votre pratique.<\/p>\n\n\n\n<p><strong>Important :<\/strong> Vous allez recevoir un email avec le lien Zoom apr\u00e8s avoir rempli le formulaire.<br>Conservez bien ce lien pendant toute la dur\u00e9e de votre abonnement : il vous donne acc\u00e8s \u00e0 la classe en direct chaque semaine.<\/p>\n\n\n\n<p>Au plaisir de vous retrouver tr\u00e8s bient\u00f4t pour ce beau moment de bien-\u00eatre !<br><strong>Yoga Pour Toi by Roberta<\/strong><\/p>\n\n\n\n<p>\u26a0\ufe0f <strong>AVERTISSEMENT<\/strong><br>Merci de consulter un professionnel de la sant\u00e9 avant de commencer toute activit\u00e9 physique. En participant \u00e0 ce programme, <strong>vous assumez l&rsquo;enti\u00e8re responsabilit\u00e9 de votre sant\u00e9 et d\u00e9gagez Yoga Pour Toi by Roberta de toute responsabilit\u00e9<\/strong>.<\/p>\n\n\n\n<p><strong>\u00c0 noter :<\/strong> il y aura un minimum de 40 semaines de cours en direct par ann\u00e9e. Et chaque semaine, m\u00eame en l&rsquo;absence de cours en direct, vous recevrez des classes pr\u00e9enregistr\u00e9es. R\u00e9sultat : <strong>52 semaines de yoga, sans interruption, rien que pour vous. \ud83e\uddd8\u200d\u2640\ufe0f\u2728<\/strong><\/p>","protected":false},"excerpt":{"rendered":"<p>Merci de votre inscription \u00e0 notre programme \u00ab\u00a0Yoga sur Chaise\u00a0\u00bb !Pour commencer votre abonnement d\u00e8s ce mercredi, merci de remplir ce court formulaire : \u2705 Cours hebdomadaire de yoga sur chaise en direct \u2013 15 minutes chaque mercredi \u00e0 8h30.\u2705 L&rsquo;enregistrement du cours sera envoy\u00e9 vers 9h00 le m\u00eame mercredi, et restera disponible pendant 7 jours pour vous permettre de continuer votre pratique. Important : Vous allez recevoir un email avec le lien Zoom apr\u00e8s avoir rempli le formulaire.Conservez bien ce lien pendant toute la dur\u00e9e de votre abonnement : il vous donne acc\u00e8s \u00e0 la classe en direct chaque semaine. Au plaisir de vous retrouver tr\u00e8s bient\u00f4t pour ce beau moment de bien-\u00eatre !Yoga Pour Toi by Roberta \u26a0\ufe0f AVERTISSEMENTMerci de consulter un professionnel de la sant\u00e9 avant de commencer toute activit\u00e9 physique. En participant \u00e0 ce programme, vous assumez l&rsquo;enti\u00e8re responsabilit\u00e9 de votre sant\u00e9 et d\u00e9gagez Yoga Pour Toi by Roberta de toute responsabilit\u00e9. \u00c0 noter : il y aura un minimum de 40 semaines de cours en direct par ann\u00e9e. Et chaque semaine, m\u00eame en l&rsquo;absence de cours en direct, vous recevrez des classes pr\u00e9enregistr\u00e9es. R\u00e9sultat : 52 semaines de yoga, sans interruption, rien que pour vous. \ud83e\uddd8\u200d\u2640\ufe0f\u2728<\/p>","protected":false},"author":4,"featured_media":0,"parent":0,"menu_order":0,"comment_status":"closed","ping_status":"closed","template":"","meta":{"_monsterinsights_skip_tracking":false,"_monsterinsights_sitenote_active":false,"_monsterinsights_sitenote_note":"","_monsterinsights_sitenote_category":0,"footnotes":""},"class_list":["post-337","page","type-page","status-publish","hentry"],"aioseo_notices":[],"_links":{"self":[{"href":"https:\/\/yogapourtoi.com\/en\/wp-json\/wp\/v2\/pages\/337","targetHints":{"allow":["GET"]}}],"collection":[{"href":"https:\/\/yogapourtoi.com\/en\/wp-json\/wp\/v2\/pages"}],"about":[{"href":"https:\/\/yogapourtoi.com\/en\/wp-json\/wp\/v2\/types\/page"}],"author":[{"embeddable":true,"href":"https:\/\/yogapourtoi.com\/en\/wp-json\/wp\/v2\/users\/4"}],"replies":[{"embeddable":true,"href":"https:\/\/yogapourtoi.com\/en\/wp-json\/wp\/v2\/comments?post=337"}],"version-history":[{"count":3,"href":"https:\/\/yogapourtoi.com\/en\/wp-json\/wp\/v2\/pages\/337\/revisions"}],"predecessor-version":[{"id":363,"href":"https:\/\/yogapourtoi.com\/en\/wp-json\/wp\/v2\/pages\/337\/revisions\/363"}],"wp:attachment":[{"href":"https:\/\/yogapourtoi.com\/en\/wp-json\/wp\/v2\/media?parent=337"}],"curies":[{"name":"wp","href":"https:\/\/api.w.org\/{rel}","templated":true}]}}