{"id":40,"date":"2024-05-16T22:30:48","date_gmt":"2024-05-16T22:30:48","guid":{"rendered":"https:\/\/yogapourtoi.com\/?page_id=40"},"modified":"2025-06-12T20:59:28","modified_gmt":"2025-06-12T20:59:28","slug":"cours-studio","status":"publish","type":"page","link":"https:\/\/yogapourtoi.com\/en\/cours-studio\/","title":{"rendered":"Studio classes"},"content":{"rendered":"<p>Roberta Arguello offers accessible yoga for everyone, <a href=\"https:\/\/yogapourtoi.com\/en\/tarif-horaire\/\" target=\"_blank\" rel=\"noopener\" title=\"\">online<\/a> with Yoga Pour Toi and in studio. Discover her in-studio schedule here.<\/p>\n\n\n\n<h2 class=\"wp-block-heading has-medium-font-size\">Equilibre Studio*<\/h2>\n\n\n\n<p>1565 ave. Mont-Royal E, Mtl, Qc, H2J 1Z3<\/p>\n\n\n\n<ul class=\"wp-block-list\">\n<li>Wednesday 4-5 pm, Postnatal Yoga with baby <\/li>\n\n\n\n<li>Wednesday 5:30-6:45pm, Prenatal Yoga<\/li>\n\n\n\n<li>Wednesday 7-8pm, Yoga Flow, Open to All<\/li>\n<\/ul>\n\n\n\n<h2 class=\"wp-block-heading has-medium-font-size\">Vert Prana Studio*<\/h2>\n\n\n\n<p>4365 Saint-Denis street, Mtl, Qc, H2J 2L2<\/p>\n\n\n\n<ul class=\"wp-block-list\">\n<li>Friday 8:30-10:00 am, Hatha Intermediate Foundations<\/li>\n\n\n\n<li>Friday 10:30 - 11:45 am, Mobility and Flexible Yoga, Open to all<\/li>\n<\/ul>\n\n\n\n<p class=\"has-small-font-size\">*Tarif et inscription sur le site du studio ou <a href=\"https:\/\/equilibrestudio.com\/inscription-sur-bsport-nouveau-client\/\" target=\"_blank\" rel=\"noopener\" title=\"\">BSport<\/a><\/p>","protected":false},"excerpt":{"rendered":"<p>Roberta Arguello propose un yoga accessible \u00e0 tous, en ligne avec Yoga Pour Toi et en studio. D\u00e9couvrez ses horaires en studio ici. Studio \u00c9quilibre* 1565 ave. Mont-Royal E, Mtl, Qc, H2J 1Z3 Studio Vert Prana* 4365 rue Saint-Denis, Mtl, Qc, H2J 2L2 *Tarif et inscription sur le site du studio ou BSport<\/p>","protected":false},"author":3,"featured_media":0,"parent":0,"menu_order":0,"comment_status":"closed","ping_status":"closed","template":"","meta":{"_monsterinsights_skip_tracking":false,"_monsterinsights_sitenote_active":false,"_monsterinsights_sitenote_note":"","_monsterinsights_sitenote_category":0,"footnotes":""},"class_list":["post-40","page","type-page","status-publish","hentry"],"aioseo_notices":[],"_links":{"self":[{"href":"https:\/\/yogapourtoi.com\/en\/wp-json\/wp\/v2\/pages\/40","targetHints":{"allow":["GET"]}}],"collection":[{"href":"https:\/\/yogapourtoi.com\/en\/wp-json\/wp\/v2\/pages"}],"about":[{"href":"https:\/\/yogapourtoi.com\/en\/wp-json\/wp\/v2\/types\/page"}],"author":[{"embeddable":true,"href":"https:\/\/yogapourtoi.com\/en\/wp-json\/wp\/v2\/users\/3"}],"replies":[{"embeddable":true,"href":"https:\/\/yogapourtoi.com\/en\/wp-json\/wp\/v2\/comments?post=40"}],"version-history":[{"count":9,"href":"https:\/\/yogapourtoi.com\/en\/wp-json\/wp\/v2\/pages\/40\/revisions"}],"predecessor-version":[{"id":444,"href":"https:\/\/yogapourtoi.com\/en\/wp-json\/wp\/v2\/pages\/40\/revisions\/444"}],"wp:attachment":[{"href":"https:\/\/yogapourtoi.com\/en\/wp-json\/wp\/v2\/media?parent=40"}],"curies":[{"name":"wp","href":"https:\/\/api.w.org\/{rel}","templated":true}]}}