{"id":42,"date":"2024-05-16T22:31:11","date_gmt":"2024-05-16T22:31:11","guid":{"rendered":"https:\/\/yogapourtoi.com\/?page_id=42"},"modified":"2026-04-21T22:06:32","modified_gmt":"2026-04-21T22:06:32","slug":"contact","status":"publish","type":"page","link":"https:\/\/yogapourtoi.com\/en\/contact\/","title":{"rendered":"Contact"},"content":{"rendered":"<p class=\"has-text-align-center\">YOGA POUR TOI<\/p>\n\n\n\n<p><strong>Want to (re)connect with yourself through yoga? Reach out easily!<\/strong> Whether it's a question, a class, or a collaboration, I'm here for you. Contact me by email or phone. <a href=\"https:\/\/www.youtube.com\/@YogaPourToi.by.Roberta?sub_confirmation=1\" target=\"_blank\" rel=\"noopener\" title=\"\">Yoga Pour Toi by Roberta<\/a> : <a href=\"https:\/\/yogapourtoi.com\/en\/a-propos\/\" target=\"_blank\" rel=\"noopener\" title=\"\">accessible, kind, at your pace.<\/a><\/p>\n\n\n\n<p class=\"has-text-align-center\">Tel: 514 295 1292<\/p>\n\n\n\n<p class=\"has-text-align-center\">EMAIL ME&nbsp;<a href=\"mailto:roberta@yogapourtoi.com?subject=Questions class\" title=\"roberta@yogapourtoi.com\"><\/a><strong><a href=\"mailto:roberta@yogapourtoi.com?subject=Questions class\" target=\"_blank\" rel=\"noopener\" title=\"\">roberta@yogapourtoi.com<\/a><\/strong><\/p>\n\n\n\n\n\n<br \/>\n                <div class=\"ml-embedded\" data-form=\"06zPl8\"><\/div>\n            <br \/>","protected":false},"excerpt":{"rendered":"<p>YOGA POUR TOI Envie de vous (re)connecter \u00e0 vous-m\u00eame gr\u00e2ce au yoga ? Contactez-moi facilement ! Que ce soit pour une question, un cours ou une collaboration, je suis \u00e0 votre \u00e9coute. Joignez-moi par courriel ou par t\u00e9l\u00e9phone. Yoga Pour Toi by Roberta : accessible, bienveillant, \u00e0 ton rythme. Tel: 514 295 1292 M&rsquo;\u00c9CRIRE :&nbsp;roberta@yogapourtoi.com<\/p>","protected":false},"author":3,"featured_media":0,"parent":0,"menu_order":0,"comment_status":"closed","ping_status":"closed","template":"","meta":{"_monsterinsights_skip_tracking":false,"_monsterinsights_sitenote_active":false,"_monsterinsights_sitenote_note":"","_monsterinsights_sitenote_category":0,"footnotes":""},"class_list":["post-42","page","type-page","status-publish","hentry"],"aioseo_notices":[],"_links":{"self":[{"href":"https:\/\/yogapourtoi.com\/en\/wp-json\/wp\/v2\/pages\/42","targetHints":{"allow":["GET"]}}],"collection":[{"href":"https:\/\/yogapourtoi.com\/en\/wp-json\/wp\/v2\/pages"}],"about":[{"href":"https:\/\/yogapourtoi.com\/en\/wp-json\/wp\/v2\/types\/page"}],"author":[{"embeddable":true,"href":"https:\/\/yogapourtoi.com\/en\/wp-json\/wp\/v2\/users\/3"}],"replies":[{"embeddable":true,"href":"https:\/\/yogapourtoi.com\/en\/wp-json\/wp\/v2\/comments?post=42"}],"version-history":[{"count":13,"href":"https:\/\/yogapourtoi.com\/en\/wp-json\/wp\/v2\/pages\/42\/revisions"}],"predecessor-version":[{"id":509,"href":"https:\/\/yogapourtoi.com\/en\/wp-json\/wp\/v2\/pages\/42\/revisions\/509"}],"wp:attachment":[{"href":"https:\/\/yogapourtoi.com\/en\/wp-json\/wp\/v2\/media?parent=42"}],"curies":[{"name":"wp","href":"https:\/\/api.w.org\/{rel}","templated":true}]}}